{"id":10,"date":"2022-02-13T08:53:51","date_gmt":"2022-02-13T08:53:51","guid":{"rendered":"https:\/\/rex-data.com\/?page_id=10"},"modified":"2022-02-16T21:14:34","modified_gmt":"2022-02-16T21:14:34","slug":"bienvenue","status":"publish","type":"page","link":"https:\/\/rex-data.com\/index.php\/bienvenue\/","title":{"rendered":"Qui suis-je ?"},"content":{"rendered":"\t\t<div data-elementor-type=\"wp-page\" data-elementor-id=\"10\" class=\"elementor elementor-10\" data-elementor-settings=\"[]\">\n\t\t\t\t\t\t\t<div class=\"elementor-section-wrap\">\n\t\t\t\t\t\t\t<section class=\"elementor-section elementor-top-section elementor-element elementor-element-7c3dcf3 elementor-section-boxed elementor-section-height-default elementor-section-height-default\" data-id=\"7c3dcf3\" data-element_type=\"section\" data-settings=\"{&quot;background_background&quot;:&quot;classic&quot;}\">\n\t\t\t\t\t\t<div class=\"elementor-container elementor-column-gap-default\">\n\t\t\t\t\t<div class=\"elementor-column elementor-col-50 elementor-top-column elementor-element elementor-element-62ebdcc\" data-id=\"62ebdcc\" data-element_type=\"column\">\n\t\t\t<div class=\"elementor-widget-wrap elementor-element-populated\">\n\t\t\t\t\t\t\t\t<div class=\"elementor-element elementor-element-ead1e1e elementor-widget elementor-widget-image\" data-id=\"ead1e1e\" data-element_type=\"widget\" data-widget_type=\"image.default\">\n\t\t\t\t<div class=\"elementor-widget-container\">\n\t\t\t<style>\/*! elementor - v3.5.5 - 03-02-2022 *\/\n.elementor-widget-image{text-align:center}.elementor-widget-image a{display:inline-block}.elementor-widget-image a img[src$=\".svg\"]{width:48px}.elementor-widget-image img{vertical-align:middle;display:inline-block}<\/style>\t\t\t\t\t\t\t\t\t\t\t\t<img width=\"768\" height=\"1152\" src=\"https:\/\/rex-data.com\/wp-content\/uploads\/2022\/02\/MG_0421-1-min-2-768x1152.jpg\" class=\"attachment-medium_large size-medium_large\" alt=\"Sidi CAMARA\" loading=\"lazy\" srcset=\"https:\/\/rex-data.com\/wp-content\/uploads\/2022\/02\/MG_0421-1-min-2-768x1152.jpg 768w, https:\/\/rex-data.com\/wp-content\/uploads\/2022\/02\/MG_0421-1-min-2-200x300.jpg 200w, https:\/\/rex-data.com\/wp-content\/uploads\/2022\/02\/MG_0421-1-min-2-683x1024.jpg 683w, https:\/\/rex-data.com\/wp-content\/uploads\/2022\/02\/MG_0421-1-min-2-1024x1536.jpg 1024w, https:\/\/rex-data.com\/wp-content\/uploads\/2022\/02\/MG_0421-1-min-2-1365x2048.jpg 1365w, https:\/\/rex-data.com\/wp-content\/uploads\/2022\/02\/MG_0421-1-min-2-scaled.jpg 1706w\" sizes=\"(max-width: 768px) 100vw, 768px\" \/>\t\t\t\t\t\t\t\t\t\t\t\t\t\t\t<\/div>\n\t\t\t\t<\/div>\n\t\t\t\t\t<\/div>\n\t\t<\/div>\n\t\t\t\t<div class=\"elementor-column elementor-col-50 elementor-top-column elementor-element elementor-element-2bacad3\" data-id=\"2bacad3\" data-element_type=\"column\">\n\t\t\t<div class=\"elementor-widget-wrap elementor-element-populated\">\n\t\t\t\t\t\t\t\t<div class=\"elementor-element elementor-element-871bdf6 elementor-widget elementor-widget-heading\" data-id=\"871bdf6\" data-element_type=\"widget\" data-widget_type=\"heading.default\">\n\t\t\t\t<div class=\"elementor-widget-container\">\n\t\t\t<style>\/*! elementor - v3.5.5 - 03-02-2022 *\/\n.elementor-heading-title{padding:0;margin:0;line-height:1}.elementor-widget-heading .elementor-heading-title[class*=elementor-size-]>a{color:inherit;font-size:inherit;line-height:inherit}.elementor-widget-heading .elementor-heading-title.elementor-size-small{font-size:15px}.elementor-widget-heading .elementor-heading-title.elementor-size-medium{font-size:19px}.elementor-widget-heading .elementor-heading-title.elementor-size-large{font-size:29px}.elementor-widget-heading .elementor-heading-title.elementor-size-xl{font-size:39px}.elementor-widget-heading .elementor-heading-title.elementor-size-xxl{font-size:59px}<\/style><h2 class=\"elementor-heading-title elementor-size-default\">Qui suis-je ?<\/h2>\t\t<\/div>\n\t\t\t\t<\/div>\n\t\t\t\t<div class=\"elementor-element elementor-element-c659eff elementor-widget elementor-widget-text-editor\" data-id=\"c659eff\" data-element_type=\"widget\" data-widget_type=\"text-editor.default\">\n\t\t\t\t<div class=\"elementor-widget-container\">\n\t\t\t<style>\/*! elementor - v3.5.5 - 03-02-2022 *\/\n.elementor-widget-text-editor.elementor-drop-cap-view-stacked .elementor-drop-cap{background-color:#818a91;color:#fff}.elementor-widget-text-editor.elementor-drop-cap-view-framed .elementor-drop-cap{color:#818a91;border:3px solid;background-color:transparent}.elementor-widget-text-editor:not(.elementor-drop-cap-view-default) .elementor-drop-cap{margin-top:8px}.elementor-widget-text-editor:not(.elementor-drop-cap-view-default) .elementor-drop-cap-letter{width:1em;height:1em}.elementor-widget-text-editor .elementor-drop-cap{float:left;text-align:center;line-height:1;font-size:50px}.elementor-widget-text-editor .elementor-drop-cap-letter{display:inline-block}<\/style>\t\t\t\t<p>Hello, m<span style=\"font-style: inherit; color: var( --e-global-color-astglobalcolor4 ); font-family: var( --e-global-typography-text-font-family ), Sans-serif; background-color: var( --e-global-color-astglobalcolor1 );\">erci pour la visite.\u00a0<\/span><\/p><p><span style=\"background-color: var( --e-global-color-astglobalcolor1 );\"><span style=\"font-family: var( --e-global-typography-text-font-family ), Sans-serif;\"><span style=\"color: var( --e-global-color-astglobalcolor4 ); font-style: inherit;\">Je\u00a0<\/span><\/span>m&rsquo;appelle<span style=\"font-family: var( --e-global-typography-text-font-family ), Sans-serif;\"><span style=\"color: var( --e-global-color-astglobalcolor4 ); font-style: inherit;\">\u00a0Sidi, je suis Data engineer certifi\u00e9 \u00ab\u00a0<\/span><\/span><\/span><span style=\"color: var( --e-global-color-astglobalcolor4 ); font-family: var( --e-global-typography-text-font-family ), Sans-serif; background-color: var( --e-global-color-astglobalcolor1 ); font-size: 1rem;\">Databricks Certified Associate Developer for Apache Spark\u00a0\u00bb.\u00a0<\/span><\/p><p><span style=\"color: var( --e-global-color-astglobalcolor4 ); font-style: inherit; font-family: var( --e-global-typography-text-font-family ), Sans-serif; background-color: var( --e-global-color-astglobalcolor1 );\">J&rsquo;ai plusieurs ann\u00e9es d&rsquo;exp\u00e9rience dans la data engineering principalement dans le monde des grands groupes et start ups.\u00a0<\/span><\/p><p>Ayant toujours eu un go\u00fbt pour les formations en lignes et un bon sens du partage j&rsquo;ai d\u00e9cid\u00e9 de cr\u00e9er ce blog pour vous faire un retour d&rsquo;exp\u00e9rience sur les technologies big data que j&rsquo;ai utilis\u00e9 tout au long de mon parcours professionnel.\u00a0<\/p><p><span style=\"background-color: var( --e-global-color-astglobalcolor1 );\"><span style=\"font-family: var( --e-global-typography-text-font-family ), Sans-serif;\"><span style=\"color: var( --e-global-color-astglobalcolor4 ); font-style: inherit;\">Si vous\u00a0<\/span><\/span>cherchez \u00e0 monter en comp\u00e9tence sur <b>Spark<\/b>, <b>Scala<\/b>, <b>Python<\/b> alors vous \u00eates \u00a0au bon\u00a0endroit. Je vous invite donc \u00e0 vous abonner au\u00a0<\/span>newsletter et \u00e0 la chaine Youtube <b><a href=\"https:\/\/www.youtube.com\/channel\/UCZm5GsQVkrxP8m7OeaNFsgQ\">REX Data<\/a>\u00a0pour ne rien rater<\/b>.\u00a0<span style=\"color: var( --e-global-color-astglobalcolor4 ); font-family: var( --e-global-typography-text-font-family ), Sans-serif; font-style: inherit; background-color: var( --e-global-color-astglobalcolor1 );\">\u00a0<\/span><\/p>\t\t\t\t\t\t<\/div>\n\t\t\t\t<\/div>\n\t\t\t\t<div class=\"elementor-element elementor-element-7ceaf7c elementor-widget elementor-widget-text-editor\" data-id=\"7ceaf7c\" data-element_type=\"widget\" data-widget_type=\"text-editor.default\">\n\t\t\t\t<div class=\"elementor-widget-container\">\n\t\t\t\t\t\t\t<p>Je veux \u00eatre inform\u00e9 des nouveaux REXs<\/p>\t\t\t\t\t\t<\/div>\n\t\t\t\t<\/div>\n\t\t\t\t<div class=\"elementor-element elementor-element-7a5045d elementor-widget elementor-widget-shortcode\" data-id=\"7a5045d\" data-element_type=\"widget\" data-widget_type=\"shortcode.default\">\n\t\t\t\t<div class=\"elementor-widget-container\">\n\t\t\t\t\t<div class=\"elementor-shortcode\">\t\t\t<form id=\"sib_signup_form_2\" method=\"post\" class=\"sib_signup_form\">\n\t\t\t\t<div class=\"sib_loader\" style=\"display:none;\"><img\n\t\t\t\t\t\t\tsrc=\"https:\/\/rex-data.com\/wp-includes\/images\/spinner.gif\" alt=\"loader\"><\/div>\n\t\t\t\t<input type=\"hidden\" name=\"sib_form_action\" value=\"subscribe_form_submit\">\n\t\t\t\t<input type=\"hidden\" name=\"sib_form_id\" value=\"2\">\n                <input type=\"hidden\" name=\"sib_form_alert_notice\" value=\"Remplissez ce champ s\u2019il vous pla\u00eet\">\n                <input type=\"hidden\" name=\"sib_security\" value=\"8f36ab7835\">\n\t\t\t\t<div class=\"sib_signup_box_inside_2\">\n\t\t\t\t\t<div style=\"\/*display:none*\/\" class=\"sib_msg_disp\">\n\t\t\t\t\t<\/div>\n\t\t\t\t\t<div class=\"sib-email-area\" style=\"flex-direction: column\">\r\n    <input type=\"email\" class=\"sib-email-area\" name=\"email\" required=\"required\" placeholder=\"Email\">\r\n<\/div>\r\n<div>\r\n    <input type=\"submit\" value=\"M'inscrire\">\r\n\r\n<\/div>\r\n<div>\r\n<input type=\"checkbox\" name=\"terms\" required=\"required\">J'accepte de r\u00e9cevoir les newsletter \r\n<\/div>\t\t\t\t<\/div>\n\t\t\t<\/form>\n\t\t\t<style>\n\t\t\t\tform#sib_signup_form_2 p.sib-alert-message {\n    padding: 6px 12px;\n    margin-bottom: 20px;\n    border: 1px solid transparent;\n    border-radius: 4px;\n    -webkit-box-sizing: border-box;\n    -moz-box-sizing: border-box;\n    box-sizing: border-box;\n}\nform#sib_signup_form_2 p.sib-alert-message-error {\n    background-color: #f2dede;\n    border-color: #ebccd1;\n    color: #a94442;\n}\nform#sib_signup_form_2 p.sib-alert-message-success {\n    background-color: #dff0d8;\n    border-color: #d6e9c6;\n    color: #3c763d;\n}\nform#sib_signup_form_2 p.sib-alert-message-warning {\n    background-color: #fcf8e3;\n    border-color: #faebcc;\n    color: #8a6d3b;\n}\t\t\t<\/style>\n\t\t\t<\/div>\n\t\t\t\t<\/div>\n\t\t\t\t<\/div>\n\t\t\t\t\t<\/div>\n\t\t<\/div>\n\t\t\t\t\t\t\t<\/div>\n\t\t<\/section>\n\t\t\t\t\t\t<\/div>\n\t\t\t\t\t<\/div>\n\t\t","protected":false},"excerpt":{"rendered":"<p>Qui suis-je ? Hello, merci pour la visite.\u00a0 Je\u00a0m&rsquo;appelle\u00a0Sidi, je suis Data engineer certifi\u00e9 \u00ab\u00a0Databricks Certified Associate Developer for Apache Spark\u00a0\u00bb.\u00a0 J&rsquo;ai plusieurs ann\u00e9es d&rsquo;exp\u00e9rience dans la data engineering principalement dans le monde des grands groupes et start ups.\u00a0 Ayant toujours eu un go\u00fbt pour les formations en lignes et un bon sens du partage &hellip;<\/p>\n<p class=\"read-more\"> <a class=\"\" href=\"https:\/\/rex-data.com\/index.php\/bienvenue\/\"> <span class=\"screen-reader-text\">Qui suis-je ?<\/span> Lire la suite\u00a0\u00bb<\/a><\/p>\n","protected":false},"author":1,"featured_media":0,"parent":0,"menu_order":0,"comment_status":"closed","ping_status":"closed","template":"","meta":{"site-sidebar-layout":"no-sidebar","site-content-layout":"page-builder","ast-main-header-display":"","ast-hfb-above-header-display":"","ast-hfb-below-header-display":"","ast-hfb-mobile-header-display":"","site-post-title":"disabled","ast-breadcrumbs-content":"","ast-featured-img":"disabled","footer-sml-layout":"","theme-transparent-header-meta":"","adv-header-id-meta":"","stick-header-meta":"","header-above-stick-meta":"","header-main-stick-meta":"","header-below-stick-meta":""},"yoast_head":"<!-- This site is optimized with the Yoast SEO plugin v18.1 - https:\/\/yoast.com\/wordpress\/plugins\/seo\/ -->\n<title>Qui suis-je ? - REX Data<\/title>\n<meta name=\"robots\" content=\"index, follow, max-snippet:-1, max-image-preview:large, max-video-preview:-1\" \/>\n<link rel=\"canonical\" href=\"https:\/\/rex-data.com\/index.php\/bienvenue\/\" \/>\n<meta property=\"og:locale\" content=\"fr_FR\" \/>\n<meta property=\"og:type\" content=\"article\" \/>\n<meta property=\"og:title\" content=\"Qui suis-je ? - REX Data\" \/>\n<meta property=\"og:description\" content=\"Qui suis-je ? Hello, merci pour la visite.\u00a0 Je\u00a0m&rsquo;appelle\u00a0Sidi, je suis Data engineer certifi\u00e9 \u00ab\u00a0Databricks Certified Associate Developer for Apache Spark\u00a0\u00bb.\u00a0 J&rsquo;ai plusieurs ann\u00e9es d&rsquo;exp\u00e9rience dans la data engineering principalement dans le monde des grands groupes et start ups.\u00a0 Ayant toujours eu un go\u00fbt pour les formations en lignes et un bon sens du partage &hellip; Qui suis-je ? Lire la suite\u00a0\u00bb\" \/>\n<meta property=\"og:url\" content=\"https:\/\/rex-data.com\/index.php\/bienvenue\/\" \/>\n<meta property=\"og:site_name\" content=\"REX Data\" \/>\n<meta property=\"article:modified_time\" content=\"2022-02-16T21:14:34+00:00\" \/>\n<meta property=\"og:image\" content=\"https:\/\/rex-data.com\/wp-content\/uploads\/2022\/02\/MG_0421-1-min-2-768x1152.jpg\" \/>\n<meta name=\"twitter:card\" content=\"summary_large_image\" \/>\n<meta name=\"twitter:label1\" content=\"Dur\u00e9e de lecture estim\u00e9e\" \/>\n\t<meta name=\"twitter:data1\" content=\"2 minutes\" \/>\n<script type=\"application\/ld+json\" class=\"yoast-schema-graph\">{\"@context\":\"https:\/\/schema.org\",\"@graph\":[{\"@type\":\"WebSite\",\"@id\":\"https:\/\/rex-data.com\/#website\",\"url\":\"https:\/\/rex-data.com\/\",\"name\":\"REX Data\",\"description\":\"Apprendre avec les professionnels de la Data\",\"potentialAction\":[{\"@type\":\"SearchAction\",\"target\":{\"@type\":\"EntryPoint\",\"urlTemplate\":\"https:\/\/rex-data.com\/?s={search_term_string}\"},\"query-input\":\"required name=search_term_string\"}],\"inLanguage\":\"fr-FR\"},{\"@type\":\"ImageObject\",\"@id\":\"https:\/\/rex-data.com\/index.php\/bienvenue\/#primaryimage\",\"inLanguage\":\"fr-FR\",\"url\":\"https:\/\/rex-data.com\/wp-content\/uploads\/2022\/02\/MG_0421-1-min-2-768x1152.jpg\",\"contentUrl\":\"https:\/\/rex-data.com\/wp-content\/uploads\/2022\/02\/MG_0421-1-min-2-768x1152.jpg\"},{\"@type\":\"WebPage\",\"@id\":\"https:\/\/rex-data.com\/index.php\/bienvenue\/#webpage\",\"url\":\"https:\/\/rex-data.com\/index.php\/bienvenue\/\",\"name\":\"Qui suis-je ? - REX Data\",\"isPartOf\":{\"@id\":\"https:\/\/rex-data.com\/#website\"},\"primaryImageOfPage\":{\"@id\":\"https:\/\/rex-data.com\/index.php\/bienvenue\/#primaryimage\"},\"datePublished\":\"2022-02-13T08:53:51+00:00\",\"dateModified\":\"2022-02-16T21:14:34+00:00\",\"breadcrumb\":{\"@id\":\"https:\/\/rex-data.com\/index.php\/bienvenue\/#breadcrumb\"},\"inLanguage\":\"fr-FR\",\"potentialAction\":[{\"@type\":\"ReadAction\",\"target\":[\"https:\/\/rex-data.com\/index.php\/bienvenue\/\"]}]},{\"@type\":\"BreadcrumbList\",\"@id\":\"https:\/\/rex-data.com\/index.php\/bienvenue\/#breadcrumb\",\"itemListElement\":[{\"@type\":\"ListItem\",\"position\":1,\"name\":\"Home\",\"item\":\"https:\/\/rex-data.com\/\"},{\"@type\":\"ListItem\",\"position\":2,\"name\":\"Qui suis-je ?\"}]}]}<\/script>\n<!-- \/ Yoast SEO plugin. -->","yoast_head_json":{"title":"Qui suis-je ? - REX Data","robots":{"index":"index","follow":"follow","max-snippet":"max-snippet:-1","max-image-preview":"max-image-preview:large","max-video-preview":"max-video-preview:-1"},"canonical":"https:\/\/rex-data.com\/index.php\/bienvenue\/","og_locale":"fr_FR","og_type":"article","og_title":"Qui suis-je ? - REX Data","og_description":"Qui suis-je ? Hello, merci pour la visite.\u00a0 Je\u00a0m&rsquo;appelle\u00a0Sidi, je suis Data engineer certifi\u00e9 \u00ab\u00a0Databricks Certified Associate Developer for Apache Spark\u00a0\u00bb.\u00a0 J&rsquo;ai plusieurs ann\u00e9es d&rsquo;exp\u00e9rience dans la data engineering principalement dans le monde des grands groupes et start ups.\u00a0 Ayant toujours eu un go\u00fbt pour les formations en lignes et un bon sens du partage &hellip; Qui suis-je ? Lire la suite\u00a0\u00bb","og_url":"https:\/\/rex-data.com\/index.php\/bienvenue\/","og_site_name":"REX Data","article_modified_time":"2022-02-16T21:14:34+00:00","og_image":[{"url":"https:\/\/rex-data.com\/wp-content\/uploads\/2022\/02\/MG_0421-1-min-2-768x1152.jpg"}],"twitter_card":"summary_large_image","twitter_misc":{"Dur\u00e9e de lecture estim\u00e9e":"2 minutes"},"schema":{"@context":"https:\/\/schema.org","@graph":[{"@type":"WebSite","@id":"https:\/\/rex-data.com\/#website","url":"https:\/\/rex-data.com\/","name":"REX Data","description":"Apprendre avec les professionnels de la Data","potentialAction":[{"@type":"SearchAction","target":{"@type":"EntryPoint","urlTemplate":"https:\/\/rex-data.com\/?s={search_term_string}"},"query-input":"required name=search_term_string"}],"inLanguage":"fr-FR"},{"@type":"ImageObject","@id":"https:\/\/rex-data.com\/index.php\/bienvenue\/#primaryimage","inLanguage":"fr-FR","url":"https:\/\/rex-data.com\/wp-content\/uploads\/2022\/02\/MG_0421-1-min-2-768x1152.jpg","contentUrl":"https:\/\/rex-data.com\/wp-content\/uploads\/2022\/02\/MG_0421-1-min-2-768x1152.jpg"},{"@type":"WebPage","@id":"https:\/\/rex-data.com\/index.php\/bienvenue\/#webpage","url":"https:\/\/rex-data.com\/index.php\/bienvenue\/","name":"Qui suis-je ? - REX Data","isPartOf":{"@id":"https:\/\/rex-data.com\/#website"},"primaryImageOfPage":{"@id":"https:\/\/rex-data.com\/index.php\/bienvenue\/#primaryimage"},"datePublished":"2022-02-13T08:53:51+00:00","dateModified":"2022-02-16T21:14:34+00:00","breadcrumb":{"@id":"https:\/\/rex-data.com\/index.php\/bienvenue\/#breadcrumb"},"inLanguage":"fr-FR","potentialAction":[{"@type":"ReadAction","target":["https:\/\/rex-data.com\/index.php\/bienvenue\/"]}]},{"@type":"BreadcrumbList","@id":"https:\/\/rex-data.com\/index.php\/bienvenue\/#breadcrumb","itemListElement":[{"@type":"ListItem","position":1,"name":"Home","item":"https:\/\/rex-data.com\/"},{"@type":"ListItem","position":2,"name":"Qui suis-je ?"}]}]}},"_links":{"self":[{"href":"https:\/\/rex-data.com\/index.php\/wp-json\/wp\/v2\/pages\/10"}],"collection":[{"href":"https:\/\/rex-data.com\/index.php\/wp-json\/wp\/v2\/pages"}],"about":[{"href":"https:\/\/rex-data.com\/index.php\/wp-json\/wp\/v2\/types\/page"}],"author":[{"embeddable":true,"href":"https:\/\/rex-data.com\/index.php\/wp-json\/wp\/v2\/users\/1"}],"replies":[{"embeddable":true,"href":"https:\/\/rex-data.com\/index.php\/wp-json\/wp\/v2\/comments?post=10"}],"version-history":[{"count":34,"href":"https:\/\/rex-data.com\/index.php\/wp-json\/wp\/v2\/pages\/10\/revisions"}],"predecessor-version":[{"id":229,"href":"https:\/\/rex-data.com\/index.php\/wp-json\/wp\/v2\/pages\/10\/revisions\/229"}],"wp:attachment":[{"href":"https:\/\/rex-data.com\/index.php\/wp-json\/wp\/v2\/media?parent=10"}],"curies":[{"name":"wp","href":"https:\/\/api.w.org\/{rel}","templated":true}]}}